{"id":198,"date":"2015-04-16T09:17:19","date_gmt":"2015-04-16T08:17:19","guid":{"rendered":"http:\/\/nsu-club.eu\/?page_id=198"},"modified":"2015-04-20T11:30:04","modified_gmt":"2015-04-20T10:30:04","slug":"beiwagen-anton-spoerlein","status":"publish","type":"page","link":"https:\/\/nsu-club.de\/?page_id=198","title":{"rendered":"Beiwagen &#8211; Anton Sp\u00f6rlein"},"content":{"rendered":"<p><span style=\"font-size: medium;\">Restauration Beiwagen<\/span><br \/>\n<span style=\"font-size: xx-small;\">(Besitzer: Anton Sp\u00f6rlein)<\/span><\/p>\n<p><a href=\"http:\/\/nsu-club.eu\/wp-content\/uploads\/2015\/04\/12.jpg\"><img loading=\"lazy\" decoding=\"async\" class=\"alignnone size-medium wp-image-201\" src=\"http:\/\/nsu-club.eu\/wp-content\/uploads\/2015\/04\/12-300x188.jpg\" alt=\"12\" width=\"300\" height=\"188\" srcset=\"https:\/\/nsu-club.de\/wp-content\/uploads\/2015\/04\/12-300x188.jpg 300w, https:\/\/nsu-club.de\/wp-content\/uploads\/2015\/04\/12.jpg 394w\" sizes=\"auto, (max-width: 300px) 100vw, 300px\" \/><\/a>Zuerst mal schauen ob er \u00fcberhaupt hinpasst<\/p>\n<p>&nbsp;<\/p>\n<p>&nbsp;<\/p>\n<p><a href=\"http:\/\/nsu-club.eu\/wp-content\/uploads\/2015\/04\/02.jpg\"><img loading=\"lazy\" decoding=\"async\" class=\"alignnone size-medium wp-image-200\" src=\"http:\/\/nsu-club.eu\/wp-content\/uploads\/2015\/04\/02-300x201.jpg\" alt=\"02\" width=\"300\" height=\"201\" srcset=\"https:\/\/nsu-club.de\/wp-content\/uploads\/2015\/04\/02-300x201.jpg 300w, https:\/\/nsu-club.de\/wp-content\/uploads\/2015\/04\/02.jpg 419w\" sizes=\"auto, (max-width: 300px) 100vw, 300px\" \/><\/a>Probesitzen auch f\u00fcr gr\u00f6\u00dfere Leute &#8211; und M\u00e4nnern mit Haaren \ud83d\ude42<\/p>\n<p>&nbsp;<\/p>\n<p>&nbsp;<\/p>\n<p>&nbsp;<\/p>\n<p><a href=\"http:\/\/nsu-club.eu\/wp-content\/uploads\/2015\/04\/13.jpg\"><img loading=\"lazy\" decoding=\"async\" class=\"alignnone size-medium wp-image-202\" src=\"http:\/\/nsu-club.eu\/wp-content\/uploads\/2015\/04\/13-300x208.jpg\" alt=\"13\" width=\"300\" height=\"208\" srcset=\"https:\/\/nsu-club.de\/wp-content\/uploads\/2015\/04\/13-300x208.jpg 300w, https:\/\/nsu-club.de\/wp-content\/uploads\/2015\/04\/13.jpg 401w\" sizes=\"auto, (max-width: 300px) 100vw, 300px\" \/><\/a><\/p>\n<p>Da ist er, frisch lackiert und Einsatzf\u00e4hig.<\/p>\n<p>B\u00f6se Zungen behaupten ja der Beiwagen ist nicht f\u00fcr die Kinder,<\/p>\n<p>sondern f\u00fcrs Schwanenbier.<\/p>\n<p><a href=\"http:\/\/nsu-club.eu\/wp-content\/uploads\/2015\/04\/Konsul.jpg\"><img loading=\"lazy\" decoding=\"async\" class=\" size-medium wp-image-461 alignleft\" src=\"http:\/\/nsu-club.eu\/wp-content\/uploads\/2015\/04\/Konsul-300x179.jpg\" alt=\"Konsul\" width=\"300\" height=\"179\" srcset=\"https:\/\/nsu-club.de\/wp-content\/uploads\/2015\/04\/Konsul-300x179.jpg 300w, https:\/\/nsu-club.de\/wp-content\/uploads\/2015\/04\/Konsul-1024x612.jpg 1024w\" sizes=\"auto, (max-width: 300px) 100vw, 300px\" \/><\/a> <a href=\"http:\/\/nsu-club.eu\/wp-content\/uploads\/2015\/04\/Konsul2.jpg\"><img loading=\"lazy\" decoding=\"async\" class=\" size-medium wp-image-463 alignright\" src=\"http:\/\/nsu-club.eu\/wp-content\/uploads\/2015\/04\/Konsul2-300x179.jpg\" alt=\"Konsul2\" width=\"300\" height=\"179\" srcset=\"https:\/\/nsu-club.de\/wp-content\/uploads\/2015\/04\/Konsul2-300x179.jpg 300w, https:\/\/nsu-club.de\/wp-content\/uploads\/2015\/04\/Konsul2-1024x612.jpg 1024w\" sizes=\"auto, (max-width: 300px) 100vw, 300px\" \/><\/a> <a href=\"http:\/\/nsu-club.eu\/wp-content\/uploads\/2015\/04\/Konsul1.jpg\"><img loading=\"lazy\" decoding=\"async\" class=\"aligncenter size-medium wp-image-462\" src=\"http:\/\/nsu-club.eu\/wp-content\/uploads\/2015\/04\/Konsul1-300x179.jpg\" alt=\"Konsul1\" width=\"300\" height=\"179\" srcset=\"https:\/\/nsu-club.de\/wp-content\/uploads\/2015\/04\/Konsul1-300x179.jpg 300w, https:\/\/nsu-club.de\/wp-content\/uploads\/2015\/04\/Konsul1-1024x612.jpg 1024w\" sizes=\"auto, (max-width: 300px) 100vw, 300px\" \/><\/a><\/p>\n","protected":false},"excerpt":{"rendered":"<p>Restauration Beiwagen (Besitzer: Anton Sp\u00f6rlein) Zuerst mal schauen ob er \u00fcberhaupt hinpasst &nbsp; &nbsp; Probesitzen auch f\u00fcr gr\u00f6\u00dfere Leute &#8211; und M\u00e4nnern mit Haaren \ud83d\ude42 &nbsp; &nbsp; &nbsp; Da ist er, frisch lackiert und Einsatzf\u00e4hig. B\u00f6se Zungen behaupten ja der Beiwagen ist nicht f\u00fcr die Kinder, sondern f\u00fcrs Schwanenbier.<\/p>\n","protected":false},"author":1,"featured_media":0,"parent":0,"menu_order":0,"comment_status":"closed","ping_status":"closed","template":"","meta":{"_mc_calendar":[],"footnotes":""},"class_list":["post-198","page","type-page","status-publish","hentry"],"_links":{"self":[{"href":"https:\/\/nsu-club.de\/index.php?rest_route=\/wp\/v2\/pages\/198","targetHints":{"allow":["GET"]}}],"collection":[{"href":"https:\/\/nsu-club.de\/index.php?rest_route=\/wp\/v2\/pages"}],"about":[{"href":"https:\/\/nsu-club.de\/index.php?rest_route=\/wp\/v2\/types\/page"}],"author":[{"embeddable":true,"href":"https:\/\/nsu-club.de\/index.php?rest_route=\/wp\/v2\/users\/1"}],"replies":[{"embeddable":true,"href":"https:\/\/nsu-club.de\/index.php?rest_route=%2Fwp%2Fv2%2Fcomments&post=198"}],"version-history":[{"count":3,"href":"https:\/\/nsu-club.de\/index.php?rest_route=\/wp\/v2\/pages\/198\/revisions"}],"predecessor-version":[{"id":466,"href":"https:\/\/nsu-club.de\/index.php?rest_route=\/wp\/v2\/pages\/198\/revisions\/466"}],"wp:attachment":[{"href":"https:\/\/nsu-club.de\/index.php?rest_route=%2Fwp%2Fv2%2Fmedia&parent=198"}],"curies":[{"name":"wp","href":"https:\/\/api.w.org\/{rel}","templated":true}]}}