{"id":206,"date":"2015-04-16T09:18:40","date_gmt":"2015-04-16T08:18:40","guid":{"rendered":"http:\/\/nsu-club.eu\/?page_id=206"},"modified":"2015-04-29T18:06:44","modified_gmt":"2015-04-29T17:06:44","slug":"super-sport-anton-spoerlein","status":"publish","type":"page","link":"https:\/\/nsu-club.de\/?page_id=206","title":{"rendered":"Super Sport &#8211; Anton Sp\u00f6rlein"},"content":{"rendered":"<p><span style=\"font-size: medium;\">Restauration NSU SS<\/span><br \/>\n<span style=\"font-size: xx-small;\">(Besitzer: Anton Sp\u00f6rlein)<\/span><\/p>\n<p><a href=\"http:\/\/nsu-club.eu\/wp-content\/uploads\/2015\/04\/1_anton.jpg\"><br class=\"Apple-interchange-newline\" \/><img loading=\"lazy\" decoding=\"async\" class=\"alignnone size-medium wp-image-209\" src=\"http:\/\/nsu-club.eu\/wp-content\/uploads\/2015\/04\/1_anton-300x203.jpg\" alt=\"1_anton\" width=\"300\" height=\"203\" srcset=\"https:\/\/nsu-club.de\/wp-content\/uploads\/2015\/04\/1_anton-300x203.jpg 300w, https:\/\/nsu-club.de\/wp-content\/uploads\/2015\/04\/1_anton.jpg 437w\" sizes=\"auto, (max-width: 300px) 100vw, 300px\" \/><\/a>Am Anfang &#8230; war&#8217;s recht \u00fcbersichtlich.<\/p>\n<p><a href=\"http:\/\/nsu-club.eu\/wp-content\/uploads\/2015\/04\/2_anton.jpg\"><img loading=\"lazy\" decoding=\"async\" class=\"alignnone size-medium wp-image-210\" src=\"http:\/\/nsu-club.eu\/wp-content\/uploads\/2015\/04\/2_anton-300x195.jpg\" alt=\"2_anton\" width=\"300\" height=\"195\" srcset=\"https:\/\/nsu-club.de\/wp-content\/uploads\/2015\/04\/2_anton-300x195.jpg 300w, https:\/\/nsu-club.de\/wp-content\/uploads\/2015\/04\/2_anton.jpg 315w\" sizes=\"auto, (max-width: 300px) 100vw, 300px\" \/><\/a>700 ccm!! Der alte Kolben passt nicht mehr.<\/p>\n<p><a href=\"http:\/\/nsu-club.eu\/wp-content\/uploads\/2015\/04\/3_anton.jpg\"><img loading=\"lazy\" decoding=\"async\" class=\"alignnone size-medium wp-image-211\" src=\"http:\/\/nsu-club.eu\/wp-content\/uploads\/2015\/04\/3_anton-215x300.jpg\" alt=\"3_anton\" width=\"215\" height=\"300\" srcset=\"https:\/\/nsu-club.de\/wp-content\/uploads\/2015\/04\/3_anton-215x300.jpg 215w, https:\/\/nsu-club.de\/wp-content\/uploads\/2015\/04\/3_anton.jpg 231w\" sizes=\"auto, (max-width: 215px) 100vw, 215px\" \/><\/a>Der Motor bereitet schlaflose N\u00e4chte,<br \/>\ngetr\u00e4umte Verbesserungen werden sofort umgesetzt!<span class=\"Apple-converted-space\"><br \/>\n<\/span><\/p>\n<p><a href=\"http:\/\/nsu-club.eu\/wp-content\/uploads\/2015\/04\/4_anton.jpg\"><img loading=\"lazy\" decoding=\"async\" class=\"alignnone size-medium wp-image-212\" src=\"http:\/\/nsu-club.eu\/wp-content\/uploads\/2015\/04\/4_anton-197x300.jpg\" alt=\"4_anton\" width=\"197\" height=\"300\" srcset=\"https:\/\/nsu-club.de\/wp-content\/uploads\/2015\/04\/4_anton-197x300.jpg 197w, https:\/\/nsu-club.de\/wp-content\/uploads\/2015\/04\/4_anton.jpg 274w\" sizes=\"auto, (max-width: 197px) 100vw, 197px\" \/><\/a>Anton&#8217;s NSU SS nach totalem Neuaufbau.<span class=\"Apple-converted-space\"><br \/>\n<\/span><\/p>\n<p>&nbsp;<\/p>\n<p>&nbsp;<\/p>\n<p><a href=\"http:\/\/nsu-club.eu\/wp-content\/uploads\/2015\/04\/20150418_194348.jpg\"><img loading=\"lazy\" decoding=\"async\" class=\"size-medium wp-image-408 alignnone\" src=\"http:\/\/nsu-club.eu\/wp-content\/uploads\/2015\/04\/20150418_194348-300x169.jpg\" alt=\"20150418_194348\" width=\"300\" height=\"169\" srcset=\"https:\/\/nsu-club.de\/wp-content\/uploads\/2015\/04\/20150418_194348-300x169.jpg 300w, https:\/\/nsu-club.de\/wp-content\/uploads\/2015\/04\/20150418_194348-1024x576.jpg 1024w\" sizes=\"auto, (max-width: 300px) 100vw, 300px\" \/><\/a><\/p>\n<p>600er OSL mit Einport Zylinderkopf<a href=\"http:\/\/nsu-club.eu\/wp-content\/uploads\/2015\/04\/20150418_194348.jpg\"><br \/>\n<\/a><\/p>\n<p><a href=\"http:\/\/nsu-club.eu\/wp-content\/uploads\/2015\/04\/5_anton.jpg\"><img loading=\"lazy\" decoding=\"async\" class=\"alignnone size-medium wp-image-213\" src=\"http:\/\/nsu-club.eu\/wp-content\/uploads\/2015\/04\/5_anton-300x171.jpg\" alt=\"5_anton\" width=\"300\" height=\"171\" srcset=\"https:\/\/nsu-club.de\/wp-content\/uploads\/2015\/04\/5_anton-300x171.jpg 300w, https:\/\/nsu-club.de\/wp-content\/uploads\/2015\/04\/5_anton.jpg 510w\" sizes=\"auto, (max-width: 300px) 100vw, 300px\" \/><\/a><\/p>\n<p>700ccm OSL Motor auf K\u00f6nigswelle umgebaut<\/p>\n<p><span class=\"Apple-converted-space\"><br \/>\n<\/span><\/p>\n","protected":false},"excerpt":{"rendered":"<p>Restauration NSU SS (Besitzer: Anton Sp\u00f6rlein) Am Anfang &#8230; war&#8217;s recht \u00fcbersichtlich. 700 ccm!! Der alte Kolben passt nicht mehr. Der Motor bereitet schlaflose N\u00e4chte, getr\u00e4umte Verbesserungen werden sofort umgesetzt! Anton&#8217;s NSU SS nach totalem Neuaufbau. &nbsp; &nbsp; 600er OSL mit Einport Zylinderkopf 700ccm OSL Motor auf K\u00f6nigswelle umgebaut<\/p>\n","protected":false},"author":1,"featured_media":0,"parent":0,"menu_order":0,"comment_status":"closed","ping_status":"closed","template":"","meta":{"_mc_calendar":[],"footnotes":""},"class_list":["post-206","page","type-page","status-publish","hentry"],"_links":{"self":[{"href":"https:\/\/nsu-club.de\/index.php?rest_route=\/wp\/v2\/pages\/206","targetHints":{"allow":["GET"]}}],"collection":[{"href":"https:\/\/nsu-club.de\/index.php?rest_route=\/wp\/v2\/pages"}],"about":[{"href":"https:\/\/nsu-club.de\/index.php?rest_route=\/wp\/v2\/types\/page"}],"author":[{"embeddable":true,"href":"https:\/\/nsu-club.de\/index.php?rest_route=\/wp\/v2\/users\/1"}],"replies":[{"embeddable":true,"href":"https:\/\/nsu-club.de\/index.php?rest_route=%2Fwp%2Fv2%2Fcomments&post=206"}],"version-history":[{"count":11,"href":"https:\/\/nsu-club.de\/index.php?rest_route=\/wp\/v2\/pages\/206\/revisions"}],"predecessor-version":[{"id":654,"href":"https:\/\/nsu-club.de\/index.php?rest_route=\/wp\/v2\/pages\/206\/revisions\/654"}],"wp:attachment":[{"href":"https:\/\/nsu-club.de\/index.php?rest_route=%2Fwp%2Fv2%2Fmedia&parent=206"}],"curies":[{"name":"wp","href":"https:\/\/api.w.org\/{rel}","templated":true}]}}