{"id":310,"date":"2015-04-16T21:52:46","date_gmt":"2015-04-16T20:52:46","guid":{"rendered":"http:\/\/nsu-club.eu\/?page_id=310"},"modified":"2015-04-27T16:09:39","modified_gmt":"2015-04-27T15:09:39","slug":"mm-max-mann-und-horex","status":"publish","type":"page","link":"https:\/\/nsu-club.de\/?page_id=310","title":{"rendered":"MM &#8211; Max Mann Andreas Wernsd\u00f6rfer"},"content":{"rendered":"<p>Ja es gibt die Menschen, von denen man sagt: Na ja, die gibt\u00b4s ja nicht.<\/p>\n<p>Oder kennt Ihr jemanden der schon 10 Maxen und 3 Horex aufgebaut hat ?<\/p>\n<p>Der min. noch 4 Max aus seinen Ersatzeil-Lager bauen kann und jede Woche zum Motzke f\u00e4hrt ? Bei dem die komplette Familie, also Vater, Sohn, Schwiegertochter und Enkel ihre eigene Max haben ?<\/p>\n<p>Hier ist einer:\u00a0 Andreas Wernsd\u00f6rfer<\/p>\n<p><a href=\"http:\/\/nsu-club.eu\/wp-content\/uploads\/2015\/04\/Motorrad-Wernsd\u00f6rfer-185.jpg\"><img loading=\"lazy\" decoding=\"async\" class=\"alignnone size-medium wp-image-296\" src=\"http:\/\/nsu-club.eu\/wp-content\/uploads\/2015\/04\/Motorrad-Wernsd\u00f6rfer-185-300x169.jpg\" alt=\"Motorrad Wernsd\u00f6rfer-185\" width=\"300\" height=\"169\" srcset=\"https:\/\/nsu-club.de\/wp-content\/uploads\/2015\/04\/Motorrad-Wernsd\u00f6rfer-185-300x169.jpg 300w, https:\/\/nsu-club.de\/wp-content\/uploads\/2015\/04\/Motorrad-Wernsd\u00f6rfer-185.jpg 350w\" sizes=\"auto, (max-width: 300px) 100vw, 300px\" \/><\/a> <a href=\"http:\/\/nsu-club.eu\/wp-content\/uploads\/2015\/04\/Motorrad-Wernsd\u00f6rfer-183.jpg\"><img loading=\"lazy\" decoding=\"async\" class=\"alignnone size-medium wp-image-295\" src=\"http:\/\/nsu-club.eu\/wp-content\/uploads\/2015\/04\/Motorrad-Wernsd\u00f6rfer-183-300x169.jpg\" alt=\"Motorrad Wernsd\u00f6rfer-183\" width=\"300\" height=\"169\" srcset=\"https:\/\/nsu-club.de\/wp-content\/uploads\/2015\/04\/Motorrad-Wernsd\u00f6rfer-183-300x169.jpg 300w, https:\/\/nsu-club.de\/wp-content\/uploads\/2015\/04\/Motorrad-Wernsd\u00f6rfer-183.jpg 350w\" sizes=\"auto, (max-width: 300px) 100vw, 300px\" \/><\/a> <a href=\"http:\/\/nsu-club.eu\/wp-content\/uploads\/2015\/04\/Motorrad-Wernsd\u00f6rfer-172.jpg\"><img loading=\"lazy\" decoding=\"async\" class=\"alignnone size-medium wp-image-294\" src=\"http:\/\/nsu-club.eu\/wp-content\/uploads\/2015\/04\/Motorrad-Wernsd\u00f6rfer-172-300x225.jpg\" alt=\"Motorrad Wernsd\u00f6rfer-172\" width=\"300\" height=\"225\" srcset=\"https:\/\/nsu-club.de\/wp-content\/uploads\/2015\/04\/Motorrad-Wernsd\u00f6rfer-172-300x225.jpg 300w, https:\/\/nsu-club.de\/wp-content\/uploads\/2015\/04\/Motorrad-Wernsd\u00f6rfer-172.jpg 350w\" sizes=\"auto, (max-width: 300px) 100vw, 300px\" \/><\/a> <a href=\"http:\/\/nsu-club.eu\/wp-content\/uploads\/2015\/04\/Motorrad-Wernsd\u00f6rfer-165.jpg\"><img loading=\"lazy\" decoding=\"async\" class=\"alignnone size-medium wp-image-293\" src=\"http:\/\/nsu-club.eu\/wp-content\/uploads\/2015\/04\/Motorrad-Wernsd\u00f6rfer-165-300x225.jpg\" alt=\"Motorrad Wernsd\u00f6rfer-165\" width=\"300\" height=\"225\" srcset=\"https:\/\/nsu-club.de\/wp-content\/uploads\/2015\/04\/Motorrad-Wernsd\u00f6rfer-165-300x225.jpg 300w, https:\/\/nsu-club.de\/wp-content\/uploads\/2015\/04\/Motorrad-Wernsd\u00f6rfer-165.jpg 350w\" sizes=\"auto, (max-width: 300px) 100vw, 300px\" \/><\/a> <a href=\"http:\/\/nsu-club.eu\/wp-content\/uploads\/2015\/04\/Motorrad-Wernsd\u00f6rfer-160.jpg\"><img loading=\"lazy\" decoding=\"async\" class=\"alignnone size-medium wp-image-292\" src=\"http:\/\/nsu-club.eu\/wp-content\/uploads\/2015\/04\/Motorrad-Wernsd\u00f6rfer-160-300x225.jpg\" alt=\"Motorrad Wernsd\u00f6rfer-160\" width=\"300\" height=\"225\" srcset=\"https:\/\/nsu-club.de\/wp-content\/uploads\/2015\/04\/Motorrad-Wernsd\u00f6rfer-160-300x225.jpg 300w, https:\/\/nsu-club.de\/wp-content\/uploads\/2015\/04\/Motorrad-Wernsd\u00f6rfer-160.jpg 350w\" sizes=\"auto, (max-width: 300px) 100vw, 300px\" \/><\/a> <a href=\"http:\/\/nsu-club.eu\/wp-content\/uploads\/2015\/04\/Motorrad-Wernsd\u00f6rfer-157.jpg\"><img loading=\"lazy\" decoding=\"async\" class=\"alignnone size-medium wp-image-291\" src=\"http:\/\/nsu-club.eu\/wp-content\/uploads\/2015\/04\/Motorrad-Wernsd\u00f6rfer-157-300x225.jpg\" alt=\"Motorrad Wernsd\u00f6rfer-157\" width=\"300\" height=\"225\" srcset=\"https:\/\/nsu-club.de\/wp-content\/uploads\/2015\/04\/Motorrad-Wernsd\u00f6rfer-157-300x225.jpg 300w, https:\/\/nsu-club.de\/wp-content\/uploads\/2015\/04\/Motorrad-Wernsd\u00f6rfer-157.jpg 350w\" sizes=\"auto, (max-width: 300px) 100vw, 300px\" \/><\/a> <a href=\"http:\/\/nsu-club.eu\/wp-content\/uploads\/2015\/04\/Motorrad-Wernsd\u00f6rfer-153.jpg\"><img loading=\"lazy\" decoding=\"async\" class=\"alignnone size-medium wp-image-290\" src=\"http:\/\/nsu-club.eu\/wp-content\/uploads\/2015\/04\/Motorrad-Wernsd\u00f6rfer-153-300x225.jpg\" alt=\"Motorrad Wernsd\u00f6rfer-153\" width=\"300\" height=\"225\" srcset=\"https:\/\/nsu-club.de\/wp-content\/uploads\/2015\/04\/Motorrad-Wernsd\u00f6rfer-153-300x225.jpg 300w, https:\/\/nsu-club.de\/wp-content\/uploads\/2015\/04\/Motorrad-Wernsd\u00f6rfer-153.jpg 350w\" sizes=\"auto, (max-width: 300px) 100vw, 300px\" \/><\/a> <a href=\"http:\/\/nsu-club.eu\/wp-content\/uploads\/2015\/04\/Motorrad-Wernsd\u00f6rfer-151.jpg\"><img loading=\"lazy\" decoding=\"async\" class=\"alignnone size-medium wp-image-289\" src=\"http:\/\/nsu-club.eu\/wp-content\/uploads\/2015\/04\/Motorrad-Wernsd\u00f6rfer-151-300x225.jpg\" alt=\"Motorrad Wernsd\u00f6rfer-151\" width=\"300\" height=\"225\" srcset=\"https:\/\/nsu-club.de\/wp-content\/uploads\/2015\/04\/Motorrad-Wernsd\u00f6rfer-151-300x225.jpg 300w, https:\/\/nsu-club.de\/wp-content\/uploads\/2015\/04\/Motorrad-Wernsd\u00f6rfer-151.jpg 350w\" sizes=\"auto, (max-width: 300px) 100vw, 300px\" \/><\/a> <a href=\"http:\/\/nsu-club.eu\/wp-content\/uploads\/2015\/04\/Motorrad-Wernsd\u00f6rfer-148.jpg\"><img loading=\"lazy\" decoding=\"async\" class=\"alignnone size-medium wp-image-288\" src=\"http:\/\/nsu-club.eu\/wp-content\/uploads\/2015\/04\/Motorrad-Wernsd\u00f6rfer-148-300x169.jpg\" alt=\"Motorrad Wernsd\u00f6rfer-148\" width=\"300\" height=\"169\" srcset=\"https:\/\/nsu-club.de\/wp-content\/uploads\/2015\/04\/Motorrad-Wernsd\u00f6rfer-148-300x169.jpg 300w, https:\/\/nsu-club.de\/wp-content\/uploads\/2015\/04\/Motorrad-Wernsd\u00f6rfer-148.jpg 350w\" sizes=\"auto, (max-width: 300px) 100vw, 300px\" \/><\/a> <a href=\"http:\/\/nsu-club.eu\/wp-content\/uploads\/2015\/04\/Motorrad-Wernsd\u00f6rfer-144.jpg\"><img loading=\"lazy\" decoding=\"async\" class=\"alignnone size-medium wp-image-287\" src=\"http:\/\/nsu-club.eu\/wp-content\/uploads\/2015\/04\/Motorrad-Wernsd\u00f6rfer-144-300x225.jpg\" alt=\"Motorrad Wernsd\u00f6rfer-144\" width=\"300\" height=\"225\" srcset=\"https:\/\/nsu-club.de\/wp-content\/uploads\/2015\/04\/Motorrad-Wernsd\u00f6rfer-144-300x225.jpg 300w, https:\/\/nsu-club.de\/wp-content\/uploads\/2015\/04\/Motorrad-Wernsd\u00f6rfer-144.jpg 350w\" sizes=\"auto, (max-width: 300px) 100vw, 300px\" \/><\/a> <a href=\"http:\/\/nsu-club.eu\/wp-content\/uploads\/2015\/04\/Motorrad-Wernsd\u00f6rfer-141.jpg\"><img loading=\"lazy\" decoding=\"async\" class=\"alignnone size-medium wp-image-286\" src=\"http:\/\/nsu-club.eu\/wp-content\/uploads\/2015\/04\/Motorrad-Wernsd\u00f6rfer-141-300x225.jpg\" alt=\"Motorrad Wernsd\u00f6rfer-141\" width=\"300\" height=\"225\" srcset=\"https:\/\/nsu-club.de\/wp-content\/uploads\/2015\/04\/Motorrad-Wernsd\u00f6rfer-141-300x225.jpg 300w, https:\/\/nsu-club.de\/wp-content\/uploads\/2015\/04\/Motorrad-Wernsd\u00f6rfer-141.jpg 350w\" sizes=\"auto, (max-width: 300px) 100vw, 300px\" \/><\/a> <a href=\"http:\/\/nsu-club.eu\/wp-content\/uploads\/2015\/04\/Motorrad-Wernsd\u00f6rfer-137.jpg\"><img loading=\"lazy\" decoding=\"async\" class=\"alignnone size-medium wp-image-285\" src=\"http:\/\/nsu-club.eu\/wp-content\/uploads\/2015\/04\/Motorrad-Wernsd\u00f6rfer-137-300x225.jpg\" alt=\"Motorrad Wernsd\u00f6rfer-137\" width=\"300\" height=\"225\" srcset=\"https:\/\/nsu-club.de\/wp-content\/uploads\/2015\/04\/Motorrad-Wernsd\u00f6rfer-137-300x225.jpg 300w, https:\/\/nsu-club.de\/wp-content\/uploads\/2015\/04\/Motorrad-Wernsd\u00f6rfer-137.jpg 350w\" sizes=\"auto, (max-width: 300px) 100vw, 300px\" \/><\/a> <a href=\"http:\/\/nsu-club.eu\/wp-content\/uploads\/2015\/04\/Motorrad-Wernsd\u00f6rfer-131.jpg\"><img loading=\"lazy\" decoding=\"async\" class=\"alignnone size-medium wp-image-284\" src=\"http:\/\/nsu-club.eu\/wp-content\/uploads\/2015\/04\/Motorrad-Wernsd\u00f6rfer-131-300x225.jpg\" alt=\"Motorrad Wernsd\u00f6rfer-131\" width=\"300\" height=\"225\" srcset=\"https:\/\/nsu-club.de\/wp-content\/uploads\/2015\/04\/Motorrad-Wernsd\u00f6rfer-131-300x225.jpg 300w, https:\/\/nsu-club.de\/wp-content\/uploads\/2015\/04\/Motorrad-Wernsd\u00f6rfer-131.jpg 350w\" sizes=\"auto, (max-width: 300px) 100vw, 300px\" \/><\/a> <a href=\"http:\/\/nsu-club.eu\/wp-content\/uploads\/2015\/04\/Motorrad-Wernsd\u00f6rfer-115.jpg\"><img loading=\"lazy\" decoding=\"async\" class=\"alignnone size-medium wp-image-283\" src=\"http:\/\/nsu-club.eu\/wp-content\/uploads\/2015\/04\/Motorrad-Wernsd\u00f6rfer-115-300x225.jpg\" alt=\"Motorrad Wernsd\u00f6rfer-115\" width=\"300\" height=\"225\" srcset=\"https:\/\/nsu-club.de\/wp-content\/uploads\/2015\/04\/Motorrad-Wernsd\u00f6rfer-115-300x225.jpg 300w, https:\/\/nsu-club.de\/wp-content\/uploads\/2015\/04\/Motorrad-Wernsd\u00f6rfer-115.jpg 350w\" sizes=\"auto, (max-width: 300px) 100vw, 300px\" \/><\/a> <a href=\"http:\/\/nsu-club.eu\/wp-content\/uploads\/2015\/04\/Motorrad-Wernsd\u00f6rfer-114.jpg\"><img loading=\"lazy\" decoding=\"async\" class=\"alignnone size-medium wp-image-282\" src=\"http:\/\/nsu-club.eu\/wp-content\/uploads\/2015\/04\/Motorrad-Wernsd\u00f6rfer-114-300x225.jpg\" alt=\"Motorrad Wernsd\u00f6rfer-114\" width=\"300\" height=\"225\" srcset=\"https:\/\/nsu-club.de\/wp-content\/uploads\/2015\/04\/Motorrad-Wernsd\u00f6rfer-114-300x225.jpg 300w, https:\/\/nsu-club.de\/wp-content\/uploads\/2015\/04\/Motorrad-Wernsd\u00f6rfer-114.jpg 350w\" sizes=\"auto, (max-width: 300px) 100vw, 300px\" \/><\/a> <a href=\"http:\/\/nsu-club.eu\/wp-content\/uploads\/2015\/04\/Motorrad-Wernsd\u00f6rfer-102.jpg\"><img loading=\"lazy\" decoding=\"async\" class=\"alignnone size-medium wp-image-281\" src=\"http:\/\/nsu-club.eu\/wp-content\/uploads\/2015\/04\/Motorrad-Wernsd\u00f6rfer-102-300x225.jpg\" alt=\"Motorrad Wernsd\u00f6rfer-102\" width=\"300\" height=\"225\" srcset=\"https:\/\/nsu-club.de\/wp-content\/uploads\/2015\/04\/Motorrad-Wernsd\u00f6rfer-102-300x225.jpg 300w, https:\/\/nsu-club.de\/wp-content\/uploads\/2015\/04\/Motorrad-Wernsd\u00f6rfer-102.jpg 350w\" sizes=\"auto, (max-width: 300px) 100vw, 300px\" \/><\/a> <a href=\"http:\/\/nsu-club.eu\/wp-content\/uploads\/2015\/04\/Motorrad-Wernsd\u00f6rfer-094.jpg\"><img loading=\"lazy\" decoding=\"async\" class=\"alignnone size-medium wp-image-280\" src=\"http:\/\/nsu-club.eu\/wp-content\/uploads\/2015\/04\/Motorrad-Wernsd\u00f6rfer-094-300x225.jpg\" alt=\"Motorrad Wernsd\u00f6rfer-094\" width=\"300\" height=\"225\" srcset=\"https:\/\/nsu-club.de\/wp-content\/uploads\/2015\/04\/Motorrad-Wernsd\u00f6rfer-094-300x225.jpg 300w, https:\/\/nsu-club.de\/wp-content\/uploads\/2015\/04\/Motorrad-Wernsd\u00f6rfer-094.jpg 350w\" sizes=\"auto, (max-width: 300px) 100vw, 300px\" \/><\/a> <a href=\"http:\/\/nsu-club.eu\/wp-content\/uploads\/2015\/04\/Motorrad-Wernsd\u00f6rfer-085.jpg\"><img loading=\"lazy\" decoding=\"async\" class=\"alignnone size-medium wp-image-279\" src=\"http:\/\/nsu-club.eu\/wp-content\/uploads\/2015\/04\/Motorrad-Wernsd\u00f6rfer-085-300x225.jpg\" alt=\"Motorrad Wernsd\u00f6rfer-085\" width=\"300\" height=\"225\" srcset=\"https:\/\/nsu-club.de\/wp-content\/uploads\/2015\/04\/Motorrad-Wernsd\u00f6rfer-085-300x225.jpg 300w, https:\/\/nsu-club.de\/wp-content\/uploads\/2015\/04\/Motorrad-Wernsd\u00f6rfer-085.jpg 350w\" sizes=\"auto, (max-width: 300px) 100vw, 300px\" \/><\/a> <a href=\"http:\/\/nsu-club.eu\/wp-content\/uploads\/2015\/04\/Motorrad-Wernsd\u00f6rfer-075.jpg\"><img loading=\"lazy\" decoding=\"async\" class=\"alignnone size-medium wp-image-278\" src=\"http:\/\/nsu-club.eu\/wp-content\/uploads\/2015\/04\/Motorrad-Wernsd\u00f6rfer-075-300x225.jpg\" alt=\"Motorrad Wernsd\u00f6rfer-075\" width=\"300\" height=\"225\" srcset=\"https:\/\/nsu-club.de\/wp-content\/uploads\/2015\/04\/Motorrad-Wernsd\u00f6rfer-075-300x225.jpg 300w, https:\/\/nsu-club.de\/wp-content\/uploads\/2015\/04\/Motorrad-Wernsd\u00f6rfer-075.jpg 350w\" sizes=\"auto, (max-width: 300px) 100vw, 300px\" \/><\/a> <a href=\"http:\/\/nsu-club.eu\/wp-content\/uploads\/2015\/04\/Motorrad-Wernsd\u00f6rfer-065.jpg\"><img loading=\"lazy\" decoding=\"async\" class=\"alignnone size-medium wp-image-277\" src=\"http:\/\/nsu-club.eu\/wp-content\/uploads\/2015\/04\/Motorrad-Wernsd\u00f6rfer-065-300x225.jpg\" alt=\"Motorrad Wernsd\u00f6rfer-065\" width=\"300\" height=\"225\" srcset=\"https:\/\/nsu-club.de\/wp-content\/uploads\/2015\/04\/Motorrad-Wernsd\u00f6rfer-065-300x225.jpg 300w, https:\/\/nsu-club.de\/wp-content\/uploads\/2015\/04\/Motorrad-Wernsd\u00f6rfer-065.jpg 350w\" sizes=\"auto, (max-width: 300px) 100vw, 300px\" \/><\/a> <a href=\"http:\/\/nsu-club.eu\/wp-content\/uploads\/2015\/04\/Motorrad-Wernsd\u00f6rfer-061.jpg\"><img loading=\"lazy\" decoding=\"async\" class=\"alignnone size-medium wp-image-276\" src=\"http:\/\/nsu-club.eu\/wp-content\/uploads\/2015\/04\/Motorrad-Wernsd\u00f6rfer-061-300x225.jpg\" alt=\"Motorrad Wernsd\u00f6rfer-061\" width=\"300\" height=\"225\" srcset=\"https:\/\/nsu-club.de\/wp-content\/uploads\/2015\/04\/Motorrad-Wernsd\u00f6rfer-061-300x225.jpg 300w, https:\/\/nsu-club.de\/wp-content\/uploads\/2015\/04\/Motorrad-Wernsd\u00f6rfer-061.jpg 350w\" sizes=\"auto, (max-width: 300px) 100vw, 300px\" \/><\/a> <a href=\"http:\/\/nsu-club.eu\/wp-content\/uploads\/2015\/04\/Motorrad-Wernsd\u00f6rfer-050.jpg\"><img loading=\"lazy\" decoding=\"async\" class=\"alignnone size-medium wp-image-275\" src=\"http:\/\/nsu-club.eu\/wp-content\/uploads\/2015\/04\/Motorrad-Wernsd\u00f6rfer-050-300x225.jpg\" alt=\"Motorrad Wernsd\u00f6rfer-050\" width=\"300\" height=\"225\" srcset=\"https:\/\/nsu-club.de\/wp-content\/uploads\/2015\/04\/Motorrad-Wernsd\u00f6rfer-050-300x225.jpg 300w, https:\/\/nsu-club.de\/wp-content\/uploads\/2015\/04\/Motorrad-Wernsd\u00f6rfer-050.jpg 350w\" sizes=\"auto, (max-width: 300px) 100vw, 300px\" \/><\/a> <a href=\"http:\/\/nsu-club.eu\/wp-content\/uploads\/2015\/04\/Motorrad-Wernsd\u00f6rfer-039.jpg\"><img loading=\"lazy\" decoding=\"async\" class=\"alignnone size-medium wp-image-274\" src=\"http:\/\/nsu-club.eu\/wp-content\/uploads\/2015\/04\/Motorrad-Wernsd\u00f6rfer-039-300x225.jpg\" alt=\"Motorrad Wernsd\u00f6rfer-039\" width=\"300\" height=\"225\" srcset=\"https:\/\/nsu-club.de\/wp-content\/uploads\/2015\/04\/Motorrad-Wernsd\u00f6rfer-039-300x225.jpg 300w, https:\/\/nsu-club.de\/wp-content\/uploads\/2015\/04\/Motorrad-Wernsd\u00f6rfer-039.jpg 350w\" sizes=\"auto, (max-width: 300px) 100vw, 300px\" \/><\/a> <a href=\"http:\/\/nsu-club.eu\/wp-content\/uploads\/2015\/04\/Motorrad-Wernsd\u00f6rfer-029.jpg\"><img loading=\"lazy\" decoding=\"async\" class=\"alignnone size-medium wp-image-273\" src=\"http:\/\/nsu-club.eu\/wp-content\/uploads\/2015\/04\/Motorrad-Wernsd\u00f6rfer-029-300x225.jpg\" alt=\"Motorrad Wernsd\u00f6rfer-029\" width=\"300\" height=\"225\" srcset=\"https:\/\/nsu-club.de\/wp-content\/uploads\/2015\/04\/Motorrad-Wernsd\u00f6rfer-029-300x225.jpg 300w, https:\/\/nsu-club.de\/wp-content\/uploads\/2015\/04\/Motorrad-Wernsd\u00f6rfer-029.jpg 350w\" sizes=\"auto, (max-width: 300px) 100vw, 300px\" \/><\/a> <a href=\"http:\/\/nsu-club.eu\/wp-content\/uploads\/2015\/04\/Motorrad-Wernsd\u00f6rfer-021.jpg\"><img loading=\"lazy\" decoding=\"async\" class=\"alignnone size-medium wp-image-272\" src=\"http:\/\/nsu-club.eu\/wp-content\/uploads\/2015\/04\/Motorrad-Wernsd\u00f6rfer-021-300x225.jpg\" alt=\"Motorrad Wernsd\u00f6rfer-021\" width=\"300\" height=\"225\" srcset=\"https:\/\/nsu-club.de\/wp-content\/uploads\/2015\/04\/Motorrad-Wernsd\u00f6rfer-021-300x225.jpg 300w, https:\/\/nsu-club.de\/wp-content\/uploads\/2015\/04\/Motorrad-Wernsd\u00f6rfer-021.jpg 350w\" sizes=\"auto, (max-width: 300px) 100vw, 300px\" \/><\/a> <a href=\"http:\/\/nsu-club.eu\/wp-content\/uploads\/2015\/04\/Motorrad-Wernsd\u00f6rfer-014.jpg\"><img loading=\"lazy\" decoding=\"async\" class=\"alignnone size-medium wp-image-271\" src=\"http:\/\/nsu-club.eu\/wp-content\/uploads\/2015\/04\/Motorrad-Wernsd\u00f6rfer-014-300x225.jpg\" alt=\"Motorrad Wernsd\u00f6rfer-014\" width=\"300\" height=\"225\" srcset=\"https:\/\/nsu-club.de\/wp-content\/uploads\/2015\/04\/Motorrad-Wernsd\u00f6rfer-014-300x225.jpg 300w, https:\/\/nsu-club.de\/wp-content\/uploads\/2015\/04\/Motorrad-Wernsd\u00f6rfer-014.jpg 350w\" sizes=\"auto, (max-width: 300px) 100vw, 300px\" \/><\/a> <a href=\"http:\/\/nsu-club.eu\/wp-content\/uploads\/2015\/04\/Motorrad-Wernsd\u00f6rfer-003.jpg\"><img loading=\"lazy\" decoding=\"async\" class=\"alignnone size-medium wp-image-270\" src=\"http:\/\/nsu-club.eu\/wp-content\/uploads\/2015\/04\/Motorrad-Wernsd\u00f6rfer-003-300x225.jpg\" alt=\"Motorrad Wernsd\u00f6rfer-003\" width=\"300\" height=\"225\" srcset=\"https:\/\/nsu-club.de\/wp-content\/uploads\/2015\/04\/Motorrad-Wernsd\u00f6rfer-003-300x225.jpg 300w, https:\/\/nsu-club.de\/wp-content\/uploads\/2015\/04\/Motorrad-Wernsd\u00f6rfer-003.jpg 350w\" sizes=\"auto, (max-width: 300px) 100vw, 300px\" \/><\/a> <a href=\"http:\/\/nsu-club.eu\/wp-content\/uploads\/2015\/04\/Motorrad-Wernsd\u00f6rfer-192.jpg\"><img loading=\"lazy\" decoding=\"async\" class=\"alignnone size-medium wp-image-269\" src=\"http:\/\/nsu-club.eu\/wp-content\/uploads\/2015\/04\/Motorrad-Wernsd\u00f6rfer-192-169x300.jpg\" alt=\"Motorrad Wernsd\u00f6rfer-192\" width=\"169\" height=\"300\" srcset=\"https:\/\/nsu-club.de\/wp-content\/uploads\/2015\/04\/Motorrad-Wernsd\u00f6rfer-192-169x300.jpg 169w, https:\/\/nsu-club.de\/wp-content\/uploads\/2015\/04\/Motorrad-Wernsd\u00f6rfer-192.jpg 197w\" sizes=\"auto, (max-width: 169px) 100vw, 169px\" \/><\/a> <a href=\"http:\/\/nsu-club.eu\/wp-content\/uploads\/2015\/04\/Motorrad-Wernsd\u00f6rfer-001.jpg\"><img loading=\"lazy\" decoding=\"async\" class=\"alignnone size-medium wp-image-259\" src=\"http:\/\/nsu-club.eu\/wp-content\/uploads\/2015\/04\/Motorrad-Wernsd\u00f6rfer-001-300x225.jpg\" alt=\"Motorrad Wernsd\u00f6rfer-001\" width=\"300\" height=\"225\" srcset=\"https:\/\/nsu-club.de\/wp-content\/uploads\/2015\/04\/Motorrad-Wernsd\u00f6rfer-001-300x225.jpg 300w, https:\/\/nsu-club.de\/wp-content\/uploads\/2015\/04\/Motorrad-Wernsd\u00f6rfer-001-1024x768.jpg 1024w\" sizes=\"auto, (max-width: 300px) 100vw, 300px\" \/><\/a>Ach ja, ein Prinz und RO 80 geh\u00f6ren nat\u00fcrlich auch zu seinen Lieblingen.<\/p>\n<p>Bilder folgen.<\/p>\n","protected":false},"excerpt":{"rendered":"<p>Ja es gibt die Menschen, von denen man sagt: Na ja, die gibt\u00b4s ja nicht. Oder kennt Ihr jemanden der schon 10 Maxen und 3 Horex aufgebaut hat ? Der min. noch 4 Max aus seinen Ersatzeil-Lager bauen kann und jede Woche zum Motzke f\u00e4hrt ? Bei dem die komplette Familie, also Vater, Sohn, Schwiegertochter und Enkel ihre eigene Max haben ? Hier ist einer:\u00a0 Andreas Wernsd\u00f6rfer Ach ja, ein Prinz und RO 80 geh\u00f6ren nat\u00fcrlich auch zu seinen Lieblingen. Bilder folgen.<\/p>\n","protected":false},"author":1,"featured_media":0,"parent":0,"menu_order":0,"comment_status":"closed","ping_status":"closed","template":"","meta":{"_mc_calendar":[],"footnotes":""},"class_list":["post-310","page","type-page","status-publish","hentry"],"_links":{"self":[{"href":"https:\/\/nsu-club.de\/index.php?rest_route=\/wp\/v2\/pages\/310","targetHints":{"allow":["GET"]}}],"collection":[{"href":"https:\/\/nsu-club.de\/index.php?rest_route=\/wp\/v2\/pages"}],"about":[{"href":"https:\/\/nsu-club.de\/index.php?rest_route=\/wp\/v2\/types\/page"}],"author":[{"embeddable":true,"href":"https:\/\/nsu-club.de\/index.php?rest_route=\/wp\/v2\/users\/1"}],"replies":[{"embeddable":true,"href":"https:\/\/nsu-club.de\/index.php?rest_route=%2Fwp%2Fv2%2Fcomments&post=310"}],"version-history":[{"count":5,"href":"https:\/\/nsu-club.de\/index.php?rest_route=\/wp\/v2\/pages\/310\/revisions"}],"predecessor-version":[{"id":563,"href":"https:\/\/nsu-club.de\/index.php?rest_route=\/wp\/v2\/pages\/310\/revisions\/563"}],"wp:attachment":[{"href":"https:\/\/nsu-club.de\/index.php?rest_route=%2Fwp%2Fv2%2Fmedia&parent=310"}],"curies":[{"name":"wp","href":"https:\/\/api.w.org\/{rel}","templated":true}]}}