{"id":362,"date":"2015-04-18T09:47:52","date_gmt":"2015-04-18T08:47:52","guid":{"rendered":"http:\/\/nsu-club.eu\/?page_id=362"},"modified":"2025-04-16T05:12:40","modified_gmt":"2025-04-16T04:12:40","slug":"nsu-club-burgebrach-vorstand","status":"publish","type":"page","link":"https:\/\/nsu-club.de\/?page_id=362","title":{"rendered":"NSU Club Burgebrach Vorstandschaft"},"content":{"rendered":"<h1 style=\"text-align: center;\">Vorstandschaft<\/h1>\n<table width=\"440\">\n<tbody>\n<tr>\n<td width=\"42%\">1. Vorstand Bernd Metzner<\/td>\n<td width=\"56%\"><a href=\"https:\/\/nsu-club.de\/wp-content\/uploads\/2023\/04\/Bernd.jpeg\"><img loading=\"lazy\" decoding=\"async\" class=\"aligncenter wp-image-4703 size-medium\" src=\"https:\/\/nsu-club.de\/wp-content\/uploads\/2023\/04\/Bernd-209x300.jpeg\" alt=\"\" width=\"209\" height=\"300\" srcset=\"https:\/\/nsu-club.de\/wp-content\/uploads\/2023\/04\/Bernd-209x300.jpeg 209w, https:\/\/nsu-club.de\/wp-content\/uploads\/2023\/04\/Bernd.jpeg 416w\" sizes=\"auto, (max-width: 209px) 100vw, 209px\" \/><\/a><\/td>\n<\/tr>\n<tr>\n<td width=\"42%\">2. Vorstand Josef D\u00fcrrbeck<\/td>\n<td width=\"56%\">\u00a0<a href=\"https:\/\/nsu-club.de\/wp-content\/uploads\/2015\/04\/Josef-Duerrbeck.gif\"><img loading=\"lazy\" decoding=\"async\" class=\"aligncenter size-medium wp-image-349\" src=\"https:\/\/nsu-club.de\/wp-content\/uploads\/2015\/04\/Josef-Duerrbeck-237x300.gif\" alt=\"\" width=\"237\" height=\"300\" \/><\/a><\/td>\n<\/tr>\n<tr>\n<td width=\"42%\">Kassier Oliver Lechner<\/td>\n<td width=\"56%\">\u00a0<a href=\"https:\/\/nsu-club.de\/wp-content\/uploads\/2015\/04\/Oliver-Lechner.gif\"><img loading=\"lazy\" decoding=\"async\" class=\"aligncenter size-medium wp-image-352\" src=\"https:\/\/nsu-club.de\/wp-content\/uploads\/2015\/04\/Oliver-Lechner-221x300.gif\" alt=\"\" width=\"221\" height=\"300\" \/><\/a><\/td>\n<\/tr>\n<tr>\n<td width=\"42%\">Schriftf\u00fchrer Wolfgang G\u00fcttler<\/td>\n<td width=\"56%\">\u00a0Bild folgt<\/td>\n<\/tr>\n<tr>\n<td width=\"42%\">Technischer LeiterAnton Sp\u00f6rlein<\/td>\n<td width=\"56%\">\u00a0<a href=\"http:\/\/nsu-club.eu\/wp-content\/uploads\/2015\/04\/Anton-Spoerlein.gif\"><img loading=\"lazy\" decoding=\"async\" class=\"alignright size-thumbnail wp-image-347\" src=\"http:\/\/nsu-club.eu\/wp-content\/uploads\/2015\/04\/Anton-Spoerlein-150x150.gif\" alt=\"Anton Spoerlein\" width=\"150\" height=\"150\" \/><\/a><\/td>\n<\/tr>\n<tr>\n<td width=\"42%\">Vergn\u00fcgungswart Michael Dorn<\/td>\n<td width=\"56%\">\u00a0<a href=\"https:\/\/nsu-club.de\/wp-content\/uploads\/2015\/04\/Michael-Dorn.gif\"><img loading=\"lazy\" decoding=\"async\" class=\"aligncenter size-medium wp-image-351\" src=\"https:\/\/nsu-club.de\/wp-content\/uploads\/2015\/04\/Michael-Dorn-232x300.gif\" alt=\"\" width=\"232\" height=\"300\" \/><\/a><\/td>\n<\/tr>\n<tr>\n<td width=\"42%\">Vergn\u00fcgungswart Ottmar Oppel<\/p>\n<p>&nbsp;<\/p>\n<p>&nbsp;<\/p>\n<p>Vergn\u00fcgungswart Hannes Sp\u00f6rlein<\/td>\n<td width=\"56%\"><a href=\"https:\/\/nsu-club.de\/wp-content\/uploads\/2020\/10\/Ottmar-Oppel.jpeg\"><img loading=\"lazy\" decoding=\"async\" class=\"wp-image-4339 size-thumbnail alignright\" src=\"https:\/\/nsu-club.de\/wp-content\/uploads\/2020\/10\/Ottmar-Oppel-150x150.jpeg\" alt=\"\" width=\"150\" height=\"150\" \/><\/a><\/p>\n<p>&nbsp;<\/p>\n<p>&nbsp;<\/p>\n<p>&nbsp;<\/p>\n<p>Bild folgt<\/td>\n<\/tr>\n<tr>\n<td width=\"42%\">Bilder Hans Sperber<\/td>\n<td width=\"56%\">\u00a0<a href=\"https:\/\/nsu-club.de\/wp-content\/uploads\/2015\/04\/P1060943.jpg\"><img loading=\"lazy\" decoding=\"async\" class=\" wp-image-608 size-thumbnail alignright\" src=\"https:\/\/nsu-club.de\/wp-content\/uploads\/2015\/04\/P1060943-150x150.jpg\" alt=\"P1060943\" width=\"150\" height=\"150\" \/><\/a><\/td>\n<\/tr>\n<\/tbody>\n<\/table>\n<p>Stand 4\/2025<\/p>\n","protected":false},"excerpt":{"rendered":"<p>Vorstandschaft 1. Vorstand Bernd Metzner 2. Vorstand Josef D\u00fcrrbeck \u00a0 Kassier Oliver Lechner \u00a0 Schriftf\u00fchrer Wolfgang G\u00fcttler \u00a0Bild folgt Technischer LeiterAnton Sp\u00f6rlein \u00a0 Vergn\u00fcgungswart Michael Dorn \u00a0 Vergn\u00fcgungswart Ottmar Oppel &nbsp; &nbsp; Vergn\u00fcgungswart Hannes Sp\u00f6rlein &nbsp; &nbsp; &nbsp; Bild folgt Bilder Hans Sperber \u00a0 Stand 4\/2025<\/p>\n","protected":false},"author":1,"featured_media":0,"parent":0,"menu_order":0,"comment_status":"closed","ping_status":"closed","template":"","meta":{"_mc_calendar":[],"footnotes":""},"class_list":["post-362","page","type-page","status-publish","hentry"],"_links":{"self":[{"href":"https:\/\/nsu-club.de\/index.php?rest_route=\/wp\/v2\/pages\/362","targetHints":{"allow":["GET"]}}],"collection":[{"href":"https:\/\/nsu-club.de\/index.php?rest_route=\/wp\/v2\/pages"}],"about":[{"href":"https:\/\/nsu-club.de\/index.php?rest_route=\/wp\/v2\/types\/page"}],"author":[{"embeddable":true,"href":"https:\/\/nsu-club.de\/index.php?rest_route=\/wp\/v2\/users\/1"}],"replies":[{"embeddable":true,"href":"https:\/\/nsu-club.de\/index.php?rest_route=%2Fwp%2Fv2%2Fcomments&post=362"}],"version-history":[{"count":15,"href":"https:\/\/nsu-club.de\/index.php?rest_route=\/wp\/v2\/pages\/362\/revisions"}],"predecessor-version":[{"id":4931,"href":"https:\/\/nsu-club.de\/index.php?rest_route=\/wp\/v2\/pages\/362\/revisions\/4931"}],"wp:attachment":[{"href":"https:\/\/nsu-club.de\/index.php?rest_route=%2Fwp%2Fv2%2Fmedia&parent=362"}],"curies":[{"name":"wp","href":"https:\/\/api.w.org\/{rel}","templated":true}]}}