{"id":70,"date":"2015-04-15T12:46:32","date_gmt":"2015-04-15T12:46:32","guid":{"rendered":"http:\/\/nsu-club.eu\/?page_id=70"},"modified":"2015-04-29T18:24:25","modified_gmt":"2015-04-29T17:24:25","slug":"nsu-club-burgebrach-vereinsgeschichte","status":"publish","type":"page","link":"https:\/\/nsu-club.de\/?page_id=70","title":{"rendered":"NSU Club Burgebrach Vereinsgeschichte"},"content":{"rendered":"<div align=\"center\">Unsere Vereinsgeschichte<\/div>\n<p align=\"center\">Am <b>02. September 1982<\/b> wurde der NSU-Fan-Club Burgebrach in der <a href=\"http:\/\/www.schwanawirt.de\" target=\"_blank\">Brauerei Schwan<\/a>, Burgebrach, von motorsportbegeisterten M\u00e4nnern gegr\u00fcndet:Burgebrach war bereits in den 50er Jahren eine NSU-Hochburg. Viele noch vorhandene Motorr\u00e4der wurden von Kfz-Meister Hans Sp\u00f6rlein wieder instandgesetzt bzw. v\u00f6llig restauriert.<\/p>\n<p align=\"center\"><b>Gr\u00fcndungsmitglieder<\/b><\/p>\n<p align=\"center\"><a href=\"http:\/\/nsu-club.eu\/wp-content\/uploads\/2015\/04\/gruender-1.jpg\"><img loading=\"lazy\" decoding=\"async\" class=\"alignnone size-medium wp-image-15\" src=\"http:\/\/nsu-club.eu\/wp-content\/uploads\/2015\/04\/gruender-1-300x165.jpg\" alt=\"gruender-1\" width=\"300\" height=\"165\" srcset=\"https:\/\/nsu-club.de\/wp-content\/uploads\/2015\/04\/gruender-1-300x165.jpg 300w, https:\/\/nsu-club.de\/wp-content\/uploads\/2015\/04\/gruender-1.jpg 600w\" sizes=\"auto, (max-width: 300px) 100vw, 300px\" \/><\/a><\/p>\n<p align=\"center\">Sp\u00f6rlein Hans, Lunz Hans, Lechner Josef, Schneider Josef, B\u00e4uerlein Rudi,G\u00fcttler Ernst, Bickel Ernst<\/p>\n<p align=\"center\">Der Club besteht heute aus \u00fcber 49 Mitgliedern, im Alter zwischen 16\u00a0und 86 Jahren. Eine Neuaufnahme setzt den Besitz eines NSU-Fahrzeuges voraus.<\/p>\n<p>Die Ziele des Clubs sind die Erhaltung und Pflege der alten Fahrzeuge, geselliges Beisammensein und Freude am Motorradfahren. H\u00f6hepunkte im Clubleben sind die Wochenendeausfl\u00fcge und die allj\u00e4hrlichen mehrt\u00e4gigen Motorradtouren.<\/p>\n<p><b>Hier noch einige Fotos aus der Vorgeschichte des Vereins:<\/b><br \/>\nBereits im Jahr 1951 trafen sich NSU-Freunde zu gemeinsamen Ausfahrten. Gr\u00f6\u00dfere Reisen f\u00fchrten sie \u00fcber die Alpen bis nach Rom. Auf den Fotos sind die sp\u00e4teren Gr\u00fcndungsmitglieder des Clubs, Hans Sp\u00f6rlein und Ernst G\u00fcttler zu sehen.<\/p>\n<p>Hier Bilder auf der Fahrt nach Berchtesgaden<\/p>\n<p align=\"center\"><a href=\"http:\/\/nsu-club.eu\/wp-content\/uploads\/2015\/04\/21.jpg\"><img loading=\"lazy\" decoding=\"async\" class=\" size-medium wp-image-71 alignleft\" src=\"http:\/\/nsu-club.eu\/wp-content\/uploads\/2015\/04\/21-300x173.jpg\" alt=\"21\" width=\"300\" height=\"173\" srcset=\"https:\/\/nsu-club.de\/wp-content\/uploads\/2015\/04\/21-300x173.jpg 300w, https:\/\/nsu-club.de\/wp-content\/uploads\/2015\/04\/21.jpg 475w\" sizes=\"auto, (max-width: 300px) 100vw, 300px\" \/><\/a><\/p>\n<p>&nbsp;<\/p>\n<p>&nbsp;<\/p>\n<p>&nbsp;<\/p>\n<p>von links nach rechts: Ernst G\u00fcttler (NSU Fox 98), Rudi Metzner (NSU Fox 98), G\u00fcnther Jeschke (Express 125ccm) und Hans Sp\u00f6rlein (TS500 mit Stoye Seitenwagen)<\/p>\n<p><a href=\"http:\/\/nsu-club.eu\/wp-content\/uploads\/2015\/04\/22.jpg\"><img loading=\"lazy\" decoding=\"async\" class=\"alignnone size-medium wp-image-72\" src=\"http:\/\/nsu-club.eu\/wp-content\/uploads\/2015\/04\/22-300x261.jpg\" alt=\"22\" width=\"300\" height=\"261\" srcset=\"https:\/\/nsu-club.de\/wp-content\/uploads\/2015\/04\/22-300x261.jpg 300w, https:\/\/nsu-club.de\/wp-content\/uploads\/2015\/04\/22.jpg 377w\" sizes=\"auto, (max-width: 300px) 100vw, 300px\" \/><\/a><\/p>\n<p align=\"center\">Mehrmals ging es auch zum Camping, NSU Lido in Cavallino (bei Venedig), der damals internationale Treffpunkt f\u00fcr NSU-Fahrer war. <a href=\"http:\/\/nsu-club.eu\/wp-content\/uploads\/2015\/04\/23.jpg\"><img loading=\"lazy\" decoding=\"async\" class=\"alignnone size-medium wp-image-73\" src=\"http:\/\/nsu-club.eu\/wp-content\/uploads\/2015\/04\/23-300x269.jpg\" alt=\"23\" width=\"300\" height=\"269\" srcset=\"https:\/\/nsu-club.de\/wp-content\/uploads\/2015\/04\/23-300x269.jpg 300w, https:\/\/nsu-club.de\/wp-content\/uploads\/2015\/04\/23.jpg 318w\" sizes=\"auto, (max-width: 300px) 100vw, 300px\" \/><\/a><\/p>\n<p align=\"center\">Sp\u00f6rlein Hans in Italien, Campingplatz bei Bologna 1957 (NSU TS500 mit Seitenwagen)<\/p>\n<p align=\"center\">Das Protokoll der Gr\u00fcnderversammlung<\/p>\n<p align=\"center\"><a href=\"http:\/\/nsu-club.eu\/wp-content\/uploads\/2015\/04\/gr\u00fcndungsversammlung.jpg\"><img loading=\"lazy\" decoding=\"async\" class=\"alignnone size-medium wp-image-344\" src=\"http:\/\/nsu-club.eu\/wp-content\/uploads\/2015\/04\/gr\u00fcndungsversammlung-199x300.jpg\" alt=\"gr\u00fcndungsversammlung\" width=\"199\" height=\"300\" srcset=\"https:\/\/nsu-club.de\/wp-content\/uploads\/2015\/04\/gr\u00fcndungsversammlung-199x300.jpg 199w, https:\/\/nsu-club.de\/wp-content\/uploads\/2015\/04\/gr\u00fcndungsversammlung-681x1024.jpg 681w\" sizes=\"auto, (max-width: 199px) 100vw, 199px\" \/><\/a><\/p>\n","protected":false},"excerpt":{"rendered":"<p>Unsere Vereinsgeschichte Am 02. September 1982 wurde der NSU-Fan-Club Burgebrach in der Brauerei Schwan, Burgebrach, von motorsportbegeisterten M\u00e4nnern gegr\u00fcndet:Burgebrach war bereits in den 50er Jahren eine NSU-Hochburg. Viele noch vorhandene Motorr\u00e4der wurden von Kfz-Meister Hans Sp\u00f6rlein wieder instandgesetzt bzw. v\u00f6llig restauriert. Gr\u00fcndungsmitglieder Sp\u00f6rlein Hans, Lunz Hans, Lechner Josef, Schneider Josef, B\u00e4uerlein Rudi,G\u00fcttler Ernst, Bickel Ernst Der Club besteht heute aus \u00fcber 49 Mitgliedern, im Alter zwischen 16\u00a0und 86 Jahren. Eine Neuaufnahme setzt den Besitz eines NSU-Fahrzeuges voraus. Die Ziele des Clubs sind die Erhaltung und Pflege der alten Fahrzeuge, geselliges Beisammensein und Freude am Motorradfahren. H\u00f6hepunkte im Clubleben sind die Wochenendeausfl\u00fcge und die allj\u00e4hrlichen mehrt\u00e4gigen Motorradtouren. Hier noch einige Fotos &hellip; <a href=\"https:\/\/nsu-club.de\/?page_id=70\" class=\"more-link\"><span class=\"screen-reader-text\">NSU Club Burgebrach Vereinsgeschichte<\/span> weiterlesen<\/a><\/p>\n","protected":false},"author":1,"featured_media":0,"parent":0,"menu_order":0,"comment_status":"open","ping_status":"open","template":"","meta":{"_mc_calendar":[],"footnotes":""},"class_list":["post-70","page","type-page","status-publish","hentry"],"_links":{"self":[{"href":"https:\/\/nsu-club.de\/index.php?rest_route=\/wp\/v2\/pages\/70","targetHints":{"allow":["GET"]}}],"collection":[{"href":"https:\/\/nsu-club.de\/index.php?rest_route=\/wp\/v2\/pages"}],"about":[{"href":"https:\/\/nsu-club.de\/index.php?rest_route=\/wp\/v2\/types\/page"}],"author":[{"embeddable":true,"href":"https:\/\/nsu-club.de\/index.php?rest_route=\/wp\/v2\/users\/1"}],"replies":[{"embeddable":true,"href":"https:\/\/nsu-club.de\/index.php?rest_route=%2Fwp%2Fv2%2Fcomments&post=70"}],"version-history":[{"count":8,"href":"https:\/\/nsu-club.de\/index.php?rest_route=\/wp\/v2\/pages\/70\/revisions"}],"predecessor-version":[{"id":655,"href":"https:\/\/nsu-club.de\/index.php?rest_route=\/wp\/v2\/pages\/70\/revisions\/655"}],"wp:attachment":[{"href":"https:\/\/nsu-club.de\/index.php?rest_route=%2Fwp%2Fv2%2Fmedia&parent=70"}],"curies":[{"name":"wp","href":"https:\/\/api.w.org\/{rel}","templated":true}]}}